{"id":1346,"date":"2025-02-12T20:57:47","date_gmt":"2025-02-12T19:57:47","guid":{"rendered":"https:\/\/expo.eweld.pl\/?page_id=1346"},"modified":"2025-05-20T18:00:07","modified_gmt":"2025-05-20T16:00:07","slug":"fundusze-ue","status":"publish","type":"page","link":"https:\/\/expo.eweld.pl\/en\/fundusze-ue\/","title":{"rendered":"Fundusze UE"},"content":{"rendered":"<p>[et_pb_section fb_built=&#8221;1&#8243; _builder_version=&#8221;4.16&#8243; global_colors_info=&#8221;{}&#8221;][et_pb_row _builder_version=&#8221;4.16&#8243; background_size=&#8221;initial&#8221; background_position=&#8221;top_left&#8221; background_repeat=&#8221;repeat&#8221; global_colors_info=&#8221;{}&#8221;][et_pb_column type=&#8221;4_4&#8243; _builder_version=&#8221;4.16&#8243; custom_padding=&#8221;|||&#8221; global_colors_info=&#8221;{}&#8221; custom_padding__hover=&#8221;|||&#8221;][et_pb_text _builder_version=&#8221;4.16&#8243; background_size=&#8221;initial&#8221; background_position=&#8221;top_left&#8221; background_repeat=&#8221;repeat&#8221; global_colors_info=&#8221;{}&#8221;]<!-- divi:paragraph --><\/p>\n<p>Przedsi\u0119biorstwo MATEUSZ KANIKOWSKI EWELD EXPO SOLUTIONS otrzyma\u0142o dofinansowanie na realizacj\u0119 przedsi\u0119wzi\u0119cia pn.: \u201eZwi\u0119kszenie potencja\u0142u firmy MATEUSZ KANIKOWSKI EWELD EXPO SOLUTIONS w ramach wsparcia HoReCa dla M\u015aP z regionu wielkopolskiego.\u201d &#8211; ze \u015brodk\u00f3w\u00a0 Krajowego Planu Odbudowy i Zwi\u0119kszania Odporno\u015bci.\u00a0<\/p>\n<p>G\u0142\u00f3wnym celem przedsi\u0119wzi\u0119cia jest dywersyfikacja oraz rozszerzenie dotychczasowej dzia\u0142alno\u015bci, zwi\u0105zanej z organizacj\u0105 targ\u00f3w, wystaw i kongres\u00f3w, \u00a0poprzez unowocze\u015bnienie bazy produkcyjnej umo\u017cliwiaj\u0105cej udost\u0119pnienie us\u0142ugi zabudowy stoiska targowego w systemie hybrydowym \u0142\u0105cz\u0105cym technologie ramowe oraz zabudowy z p\u0142yt laminowanych.\u00a0<\/p>\n<p>W ramach Przedsi\u0119wzi\u0119cia zakupione zostan\u0105 nowoczesne urz\u0105dzenia do wytwarzania stoiska targowego w systemie hybrydowym. Ponadto zaimplementowane zostan\u0105 rozwi\u0105zania zwi\u0105zane z zielon\u0105 transformacj\u0105, cyfryzacj\u0105 przedsi\u0119biorstwa oraz wzrostem kompetencji poprzez udzia\u0142 w szkoleniach.\u00a0<\/p>\n<p>Z rezultat\u00f3w projektu b\u0119d\u0105 korzysta\u0107 zar\u00f3wno dotychczasowi klienci przedsi\u0119biorstwa jak i\u00a0potencjalni nowi kontrahenci. Ponadto dzi\u0119ki zakupowi nowoczesnych urz\u0105dze\u0144 oraz udzia\u0142owi w szkoleniach, realizacja projektu przyczyni si\u0119 do\u00a0 wzrostu kompetencji pracownik\u00f3w przedsi\u0119biorstwa.\u00a0<\/p>\n<p>Efektem projektu b\u0119dzie rozszerzenie dotychczasowej oferty o us\u0142ugi zabudowy stoiska targowego, o znacznie wy\u017cszej jako\u015bci i trwa\u0142o\u015bci, daj\u0105ce mo\u017cliwo\u015b\u0107 szybkiego i &#8222;czystego&#8221; monta\u017cu, kt\u00f3re b\u0119dzie mo\u017cliwe do wielokrotnego wykorzystania i odpowiada\u0107 b\u0119dzie na potrzeby klient\u00f3w, kt\u00f3rzy posiadaj\u0105 najwi\u0119ksze wymagania.<br \/>\u00a0<\/p>\n<p>Warto\u015b\u0107 projektu: 733 204,42 PLN<\/p>\n<p>Dofinansowanie projektu: 536 491,01 PLN<\/p>\n<p>\u00a0<br \/>Okres realizacji: 01.08.2024 \u2013 30.06.2025<br \/>\u00a0<\/p>\n<p>#Korzy\u015bciDlaCiebie, #NextGenerationEU, #FunduszeUE<\/p>\n<p>&nbsp;<\/p>\n<p><!-- \/divi:paragraph -->[\/et_pb_text][\/et_pb_column][\/et_pb_row][et_pb_row _builder_version=&#8221;4.27.4&#8243; _module_preset=&#8221;default&#8221; global_colors_info=&#8221;{}&#8221;][et_pb_column type=&#8221;4_4&#8243; _builder_version=&#8221;4.27.4&#8243; _module_preset=&#8221;default&#8221; global_colors_info=&#8221;{}&#8221;][et_pb_image src=&#8221;https:\/\/expo.eweld.pl\/wp-content\/uploads\/2025\/02\/KPO_barwy-RP_NextGenerationEU_poziom_zestawienie_podstawowe_-RGB.jpg&#8221; title_text=&#8221;KPO_barwy RP_NextGenerationEU_poziom_zestawienie_podstawowe_ RGB&#8221; _builder_version=&#8221;4.27.4&#8243; _module_preset=&#8221;default&#8221; global_colors_info=&#8221;{}&#8221;][\/et_pb_image][\/et_pb_column][\/et_pb_row][\/et_pb_section]<\/p>","protected":false},"excerpt":{"rendered":"<p>Przedsi\u0119biorstwo MATEUSZ KANIKOWSKI EWELD EXPO SOLUTIONS otrzyma\u0142o dofinansowanie na realizacj\u0119 przedsi\u0119wzi\u0119cia pn.: \u201eZwi\u0119kszenie potencja\u0142u firmy MATEUSZ KANIKOWSKI EWELD EXPO SOLUTIONS w ramach wsparcia HoReCa dla M\u015aP z regionu wielkopolskiego.\u201d &#8211; ze \u015brodk\u00f3w\u00a0 Krajowego Planu Odbudowy i Zwi\u0119kszania Odporno\u015bci.\u00a0 G\u0142\u00f3wnym celem przedsi\u0119wzi\u0119cia jest dywersyfikacja oraz rozszerzenie dotychczasowej dzia\u0142alno\u015bci, zwi\u0105zanej z organizacj\u0105 targ\u00f3w, wystaw i kongres\u00f3w, \u00a0poprzez [&hellip;]<\/p>","protected":false},"author":5,"featured_media":0,"parent":0,"menu_order":0,"comment_status":"closed","ping_status":"closed","template":"","meta":{"_et_pb_use_builder":"on","_et_pb_old_content":"<!-- wp:paragraph -->\n<p>Przedsi\u0119biorstwo MATEUSZ KANIKOWSKI EWELD EXPO SOLUTIONS otrzyma\u0142o dofinansowanie na realizacj\u0119 przedsi\u0119wzi\u0119cia pn.: \u201eZwi\u0119kszenie potencja\u0142u firmy MATEUSZ KANIKOWSKI EWELD EXPO SOLUTIONS w ramach wsparcia HoReCa dla M\u015aP z regionu wielkopolskiego.\u201d - ze \u015brodk\u00f3w&nbsp; Krajowego Planu Odbudowy i Zwi\u0119kszania Odporno\u015bci.<\/p>\n<!-- \/wp:paragraph -->\n\n<!-- wp:paragraph -->\n<p>G\u0142\u00f3wnym celem przedsi\u0119wzi\u0119cia jest dywersyfikacja oraz rozszerzenie dotychczasowej dzia\u0142alno\u015bci, zwi\u0105zanej z organizacj\u0105 targ\u00f3w, wystaw i kongres\u00f3w, &nbsp;poprzez unowocze\u015bnienie bazy produkcyjnej umo\u017cliwiaj\u0105cej udost\u0119pnienie us\u0142ugi zabudowy stoiska targowego w&nbsp;systemie hybrydowym \u0142\u0105cz\u0105cym technologie ramowe oraz zabudowy z p\u0142yt laminowanych.<\/p>\n<!-- \/wp:paragraph -->\n\n<!-- wp:paragraph -->\n<p>W ramach Przedsi\u0119wzi\u0119cia zakupione zostan\u0105 nowoczesne urz\u0105dzenia do wytwarzania stoiska targowego w systemie hybrydowym. Ponadto zaimplementowane zostan\u0105 rozwi\u0105zania zwi\u0105zane z zielon\u0105 transformacj\u0105, cyfryzacj\u0105 przedsi\u0119biorstwa oraz wzrostem kompetencji poprzez udzia\u0142 w szkoleniach.&nbsp;<\/p>\n<!-- \/wp:paragraph -->\n\n<!-- wp:paragraph -->\n<p>Z rezultat\u00f3w projektu b\u0119d\u0105 korzysta\u0107 zar\u00f3wno dotychczasowi klienci przedsi\u0119biorstwa jak i&nbsp;potencjalni nowi kontrahenci. Ponadto dzi\u0119ki zakupowi nowoczesnych urz\u0105dze\u0144 oraz udzia\u0142owi w szkoleniach, realizacja projektu przyczyni si\u0119 do&nbsp; wzrostu kompetencji pracownik\u00f3w przedsi\u0119biorstwa.<\/p>\n<!-- \/wp:paragraph -->\n\n<!-- wp:paragraph -->\n<p>Efektem projektu b\u0119dzie rozszerzenie dotychczasowej oferty o us\u0142ugi zabudowy stoiska targowego, o znacznie wy\u017cszej jako\u015bci i trwa\u0142o\u015bci, daj\u0105ce mo\u017cliwo\u015b\u0107 szybkiego i \"czystego\" monta\u017cu, kt\u00f3re b\u0119dzie mo\u017cliwe do wielokrotnego wykorzystania i odpowiada\u0107 b\u0119dzie na potrzeby klient\u00f3w, kt\u00f3rzy posiadaj\u0105 najwi\u0119ksze wymagania.<\/p>\n<!-- \/wp:paragraph -->\n\n<!-- wp:paragraph -->\n<p>Warto\u015b\u0107 projektu: 733 204,42 PLN<\/p>\n<!-- \/wp:paragraph -->\n\n<!-- wp:paragraph -->\n<p>Dofinansowanie projektu: 536 491,01 PLN<\/p>\n<!-- \/wp:paragraph -->\n\n<!-- wp:paragraph -->\n<p>Okres realizacji: 01.08.2024 \u2013 28.02.2025<\/p>\n<!-- \/wp:paragraph -->\n\n<!-- wp:paragraph -->\n<p>Obowi\u0105zkowe hasztagi w SM:<\/p>\n<!-- \/wp:paragraph -->\n\n<!-- wp:paragraph -->\n<p>#Korzy\u015bciDlaCiebie, #NextGenerationEU, #FunduszeUE<\/p>\n<!-- \/wp:paragraph -->","_et_gb_content_width":"","footnotes":""},"class_list":["post-1346","page","type-page","status-publish","hentry"],"_links":{"self":[{"href":"https:\/\/expo.eweld.pl\/en\/wp-json\/wp\/v2\/pages\/1346","targetHints":{"allow":["GET"]}}],"collection":[{"href":"https:\/\/expo.eweld.pl\/en\/wp-json\/wp\/v2\/pages"}],"about":[{"href":"https:\/\/expo.eweld.pl\/en\/wp-json\/wp\/v2\/types\/page"}],"author":[{"embeddable":true,"href":"https:\/\/expo.eweld.pl\/en\/wp-json\/wp\/v2\/users\/5"}],"replies":[{"embeddable":true,"href":"https:\/\/expo.eweld.pl\/en\/wp-json\/wp\/v2\/comments?post=1346"}],"version-history":[{"count":6,"href":"https:\/\/expo.eweld.pl\/en\/wp-json\/wp\/v2\/pages\/1346\/revisions"}],"predecessor-version":[{"id":1360,"href":"https:\/\/expo.eweld.pl\/en\/wp-json\/wp\/v2\/pages\/1346\/revisions\/1360"}],"wp:attachment":[{"href":"https:\/\/expo.eweld.pl\/en\/wp-json\/wp\/v2\/media?parent=1346"}],"curies":[{"name":"wp","href":"https:\/\/api.w.org\/{rel}","templated":true}]}}